{"id":94145,"date":"2025-01-08T19:54:43","date_gmt":"2025-01-08T19:54:43","guid":{"rendered":"https:\/\/simplehomeksa.com\/product\/%d8%ae%d8%b2%d8%a7%d9%86%d8%a9-%d9%85%d9%84%d8%a7%d8%a8%d8%b3-%d8%a7%d9%85-%d8%af%d9%8a-%d8%a7%d9%81-%d8%a8%d8%a7%d8%a8%d9%8a%d9%86-%d8%a3%d8%b3%d9%88%d8%af-%d9%88%d8%a8%d9%8a%d8%ac-210x40\/"},"modified":"2026-01-28T00:54:05","modified_gmt":"2026-01-28T00:54:05","slug":"wardrobe-mlabs-am-dy-af-babyn-wbyj-210x40x220-sm-black","status":"publish","type":"product","link":"https:\/\/simplehomeksa.com\/en\/product\/wardrobe-mlabs-am-dy-af-babyn-wbyj-210x40x220-sm-black\/","title":{"rendered":"Mdf Wardrobe With Two Doors, Black And Beige &#8211; 210\u00d740\u00d7220 Cm"},"content":{"rendered":"<p>Description: MDF wardrobe with two doors, black and beige &#8211; 210\u00d740\u00d7220 cm. Its simple and practical design makes it suitable for everyday use and complements most home d\u00e9cor styles. Specifications: &#8211; Material: Glass &#8211; Color: Beige &#8211; Dimensions: 210\u00d740\u00d7220 cm. Care: Gently clean with a soft cloth and avoid harsh chemicals.<\/p>\n","protected":false},"excerpt":{"rendered":"<p>Description: MDF wardrobe with two doors, black and beige &#8211; 210\u00d740\u00d7220 cm. Its simple and practical design makes it suitable<\/p>\n","protected":false},"featured_media":94146,"comment_status":"open","ping_status":"closed","template":"","meta":[],"product_brand":[],"product_cat":[557],"product_tag":[],"class_list":{"0":"post-94145","1":"product","2":"type-product","3":"status-publish","4":"has-post-thumbnail","6":"product_cat-wardrobe","8":"first","9":"instock","10":"shipping-taxable","11":"purchasable","12":"product-type-simple"},"_links":{"self":[{"href":"https:\/\/simplehomeksa.com\/en\/wp-json\/wp\/v2\/product\/94145","targetHints":{"allow":["GET"]}}],"collection":[{"href":"https:\/\/simplehomeksa.com\/en\/wp-json\/wp\/v2\/product"}],"about":[{"href":"https:\/\/simplehomeksa.com\/en\/wp-json\/wp\/v2\/types\/product"}],"replies":[{"embeddable":true,"href":"https:\/\/simplehomeksa.com\/en\/wp-json\/wp\/v2\/comments?post=94145"}],"version-history":[{"count":0,"href":"https:\/\/simplehomeksa.com\/en\/wp-json\/wp\/v2\/product\/94145\/revisions"}],"wp:featuredmedia":[{"embeddable":true,"href":"https:\/\/simplehomeksa.com\/en\/wp-json\/wp\/v2\/media\/94146"}],"wp:attachment":[{"href":"https:\/\/simplehomeksa.com\/en\/wp-json\/wp\/v2\/media?parent=94145"}],"wp:term":[{"taxonomy":"product_brand","embeddable":true,"href":"https:\/\/simplehomeksa.com\/en\/wp-json\/wp\/v2\/product_brand?post=94145"},{"taxonomy":"product_cat","embeddable":true,"href":"https:\/\/simplehomeksa.com\/en\/wp-json\/wp\/v2\/product_cat?post=94145"},{"taxonomy":"product_tag","embeddable":true,"href":"https:\/\/simplehomeksa.com\/en\/wp-json\/wp\/v2\/product_tag?post=94145"}],"curies":[{"name":"wp","href":"https:\/\/api.w.org\/{rel}","templated":true}]}}