{"id":94156,"date":"2025-01-08T19:42:24","date_gmt":"2025-01-08T19:42:24","guid":{"rendered":"https:\/\/simplehomeksa.com\/product\/%d8%ae%d8%b2%d8%a7%d9%86%d8%a9-%d9%85%d9%84%d8%a7%d8%a8%d8%b3-%d8%ae%d8%b4%d8%a8-%d9%85%d9%8f%d8%b5%d9%86%d8%b9-%d8%a7%d8%aa%d8%ad%d8%a7%d8%af-%d8%a7%d9%88%d8%b1%d9%88%d8%a8%d9%8a-%d8%a8%d9%86%d9%8a\/"},"modified":"2026-01-28T00:54:06","modified_gmt":"2026-01-28T00:54:06","slug":"wardrobe-mlabs-khshb-msna-athad-awrwby-w-160x40x200-sm-brown","status":"publish","type":"product","link":"https:\/\/simplehomeksa.com\/en\/product\/wardrobe-mlabs-khshb-msna-athad-awrwby-w-160x40x200-sm-brown\/","title":{"rendered":"Eu Manufactured Wooden Wardrobe, Brown And Black &#8211; 160\u00d740\u00d7200 Cm"},"content":{"rendered":"<p>Description: EU-made wooden wardrobe in brown and black &#8211; 160\u00d740\u00d7200 cm. With a simple and practical design, it&#8217;s suitable for everyday use and complements most home d\u00e9cor styles. Specifications: &#8211; Material: Wood &#8211; Color: Black &#8211; Dimensions: 160\u00d740\u00d7200 cm. Care: Gently clean with a soft cloth and avoid harsh chemicals.<\/p>\n","protected":false},"excerpt":{"rendered":"<p>Description: EU-made wooden wardrobe in brown and black &#8211; 160\u00d740\u00d7200 cm. With a simple and practical design, it&#8217;s suitable for<\/p>\n","protected":false},"featured_media":94157,"comment_status":"open","ping_status":"closed","template":"","meta":[],"product_brand":[],"product_cat":[557],"product_tag":[],"class_list":{"0":"post-94156","1":"product","2":"type-product","3":"status-publish","4":"has-post-thumbnail","6":"product_cat-wardrobe","8":"first","9":"instock","10":"shipping-taxable","11":"purchasable","12":"product-type-simple"},"_links":{"self":[{"href":"https:\/\/simplehomeksa.com\/en\/wp-json\/wp\/v2\/product\/94156","targetHints":{"allow":["GET"]}}],"collection":[{"href":"https:\/\/simplehomeksa.com\/en\/wp-json\/wp\/v2\/product"}],"about":[{"href":"https:\/\/simplehomeksa.com\/en\/wp-json\/wp\/v2\/types\/product"}],"replies":[{"embeddable":true,"href":"https:\/\/simplehomeksa.com\/en\/wp-json\/wp\/v2\/comments?post=94156"}],"version-history":[{"count":0,"href":"https:\/\/simplehomeksa.com\/en\/wp-json\/wp\/v2\/product\/94156\/revisions"}],"wp:featuredmedia":[{"embeddable":true,"href":"https:\/\/simplehomeksa.com\/en\/wp-json\/wp\/v2\/media\/94157"}],"wp:attachment":[{"href":"https:\/\/simplehomeksa.com\/en\/wp-json\/wp\/v2\/media?parent=94156"}],"wp:term":[{"taxonomy":"product_brand","embeddable":true,"href":"https:\/\/simplehomeksa.com\/en\/wp-json\/wp\/v2\/product_brand?post=94156"},{"taxonomy":"product_cat","embeddable":true,"href":"https:\/\/simplehomeksa.com\/en\/wp-json\/wp\/v2\/product_cat?post=94156"},{"taxonomy":"product_tag","embeddable":true,"href":"https:\/\/simplehomeksa.com\/en\/wp-json\/wp\/v2\/product_tag?post=94156"}],"curies":[{"name":"wp","href":"https:\/\/api.w.org\/{rel}","templated":true}]}}